{"id":3,"date":"2023-07-18T04:27:38","date_gmt":"2023-07-18T01:27:38","guid":{"rendered":"http:\/\/pilsetaspasaza.sleekpress.com\/?page_id=3"},"modified":"2024-05-21T07:42:50","modified_gmt":"2024-05-21T04:42:50","slug":"privatuma-politika","status":"publish","type":"page","link":"https:\/\/pilsetaspasaza.sleekpress.com\/ru\/privatuma-politika\/","title":{"rendered":"Priv\u0101tuma politika"},"content":{"rendered":"<h2 class=\"wp-block-heading has-large-font-size\" id=\"1-ievads\"><strong>1. Ievads<\/strong> <\/h2>\n\n\n\n<p>SIA &#8220;MArno J&#8221; ciena J\u016bsu priv\u0101tumu. \u0160\u012b Priv\u0101tuma Politika apraksta m\u016bsu praksi saist\u012bb\u0101 ar inform\u0101ciju, ko m\u0113s apkopojam caur m\u016bsu t\u012bmek\u013ca vietni, k\u0101 ar\u012b to, k\u0101 \u0161o inform\u0101ciju izmantojam un aizsarg\u0101jam.<\/p>\n\n\n\n<h2 class=\"wp-block-heading has-large-font-size\" id=\"2-informacijas-vaksana-un-izmantosana\"><strong>2. Inform\u0101cijas v\u0101k\u0161ana un izmanto\u0161ana<\/strong> <\/h2>\n\n\n\n<p>M\u016bsu t\u012bmek\u013ca vietne ir informat\u012bva un neprasa J\u016bsu person\u012bgo inform\u0101ciju, iz\u0146emot gad\u012bjumos, kad izmantojam Google Analytics un rekl\u0101mas m\u0113r\u0137iem, lai saprastu m\u016bsu vietnes lieto\u0161anas paradumus un uzlabotu lietot\u0101ja pieredzi. M\u0113s neapkopojam nek\u0101du citu person\u012bgo inform\u0101ciju.<\/p>\n\n\n\n<h2 class=\"wp-block-heading has-large-font-size\" id=\"3-sikdatnes-un-lidzigas-tehnologijas\"><strong>3. S\u012bkdatnes un l\u012bdz\u012bgas tehnolo\u0123ijas<\/strong> <\/h2>\n\n\n\n<p>Lai uzlabotu J\u016bsu lieto\u0161anas pieredzi, m\u0113s izmantojam s\u012bkdatnes \u2013 nelielus teksta failus, kas tiek saglab\u0101ti J\u016bsu ier\u012bc\u0113. M\u0113s izmantojam s\u012bkdatnes, lai saprastu, k\u0101 j\u016bs izmantojat m\u016bsu vietni, un uzlabotu t\u0101s funkcionalit\u0101ti. M\u0113s izmantojam Google Analytics, lai apkopotu inform\u0101ciju par vietnes lieto\u0161anu, piem\u0113ram, apmekl\u0113t\u0101ko lapu skaitu un lietot\u0101ju darb\u012bbu vietn\u0113. M\u0113s ar\u012b izmantojam rekl\u0101mu s\u012bkdatnes, kas pal\u012bdz mums un m\u016bsu rekl\u0101mas partneriem pied\u0101v\u0101t jums atbilsto\u0161u saturu.<\/p>\n\n\n\n<h2 class=\"wp-block-heading has-large-font-size\" id=\"4-sikdatnu-parvaldiba\"><strong>4. S\u012bkdat\u0146u p\u0101rvald\u012bba<\/strong> <\/h2>\n\n\n\n<p>J\u016bs varat jebkur\u0101 laik\u0101 piel\u0101got s\u012bkdat\u0146u iestat\u012bjumus sav\u0101 p\u0101rl\u016bk\u0101, lai blo\u0137\u0113tu vai dz\u0113stu s\u012bkdatnes. Tom\u0113r atcerieties, ka s\u012bkdat\u0146u blo\u0137\u0113\u0161ana var ietekm\u0113t vietnes funkcionalit\u0101ti.<\/p>\n\n\n\n<h2 class=\"wp-block-heading has-large-font-size\" id=\"5-informacijas-izpausana-tresajam-pusem\"><strong>5. Inform\u0101cijas izpau\u0161ana tre\u0161aj\u0101m pus\u0113m<\/strong> <\/h2>\n\n\n\n<p>M\u0113s neizpau\u017eam J\u016bsu person\u012bgo inform\u0101ciju tre\u0161aj\u0101m pus\u0113m, iz\u0146emot likum\u0101 noteiktos gad\u012bjumos vai, ja izmantojam tre\u0161o pu\u0161u pakalpojumus, piem\u0113ram, Google Analytics.<\/p>\n\n\n\n<h2 class=\"wp-block-heading has-large-font-size\" id=\"6-jusu-tiesibas\"><strong>6. J\u016bsu ties\u012bbas<\/strong> <\/h2>\n\n\n\n<p>Jums ir ties\u012bbas piepras\u012bt piek\u013cuvi Jums saist\u012btajai inform\u0101cijai, k\u0101 ar\u012b piepras\u012bt t\u0101s labo\u0161anu vai dz\u0113\u0161anu. Lai izmantotu \u0161\u012bs ties\u012bbas, l\u016bdzu, sazinieties ar mums.<\/p>\n\n\n\n<h2 class=\"wp-block-heading has-large-font-size\" id=\"7-kontaktinformacija\"><strong>7. Kontaktinform\u0101cija<\/strong> <\/h2>\n\n\n\n<p>Ja Jums ir jaut\u0101jumi par \u0161o priv\u0101tuma politiku vai m\u016bsu inform\u0101cijas apstr\u0101des praksi, l\u016bdzu, sazinieties ar mums pa e-pastu: <a>pilsetas.pasaza@marnoj.lv<\/a> vai apmekl\u0113jiet m\u016bsu biroju: Driksas iela 4, Jelgava, LV-3001.<\/p>\n\n\n\n<h2 class=\"wp-block-heading has-large-font-size\" id=\"8-politikas-atjaunosana\"><strong>8. Politikas atjauno\u0161ana<\/strong> <\/h2>\n\n\n\n<p>M\u0113s paturam ties\u012bbas jebkur\u0101 laik\u0101 atjaunin\u0101t \u0161o priv\u0101tuma politiku. Iesak\u0101m periodiski p\u0101rskat\u012bt \u0161o politiku, lai uzzin\u0101tu par jebk\u0101d\u0101m izmai\u0146\u0101m.<\/p>","protected":false},"excerpt":{"rendered":"<p>1. Ievads SIA &#8220;MArno J&#8221; ciena J\u016bsu priv\u0101tumu. \u0160\u012b Priv\u0101tuma Politika apraksta m\u016bsu praksi saist\u012bb\u0101 ar inform\u0101ciju, ko m\u0113s apkopojam caur m\u016bsu t\u012bmek\u013ca vietni, k\u0101 ar\u012b to, k\u0101 \u0161o inform\u0101ciju izmantojam un aizsarg\u0101jam. 2. Inform\u0101cijas v\u0101k\u0161ana un izmanto\u0161ana M\u016bsu t\u012bmek\u013ca vietne ir informat\u012bva un neprasa J\u016bsu person\u012bgo inform\u0101ciju, iz\u0146emot gad\u012bjumos, kad izmantojam Google Analytics un [&hellip;]<\/p>","protected":false},"author":1,"featured_media":0,"parent":0,"menu_order":0,"comment_status":"closed","ping_status":"closed","template":"","meta":{"_acf_changed":false,"_gspb_post_css":"","footnotes":""},"class_list":["post-3","page","type-page","status-publish","hentry"],"blocksy_meta":[],"acf":[],"_links":{"self":[{"href":"https:\/\/pilsetaspasaza.sleekpress.com\/ru\/wp-json\/wp\/v2\/pages\/3","targetHints":{"allow":["GET"]}}],"collection":[{"href":"https:\/\/pilsetaspasaza.sleekpress.com\/ru\/wp-json\/wp\/v2\/pages"}],"about":[{"href":"https:\/\/pilsetaspasaza.sleekpress.com\/ru\/wp-json\/wp\/v2\/types\/page"}],"author":[{"embeddable":true,"href":"https:\/\/pilsetaspasaza.sleekpress.com\/ru\/wp-json\/wp\/v2\/users\/1"}],"replies":[{"embeddable":true,"href":"https:\/\/pilsetaspasaza.sleekpress.com\/ru\/wp-json\/wp\/v2\/comments?post=3"}],"version-history":[{"count":2,"href":"https:\/\/pilsetaspasaza.sleekpress.com\/ru\/wp-json\/wp\/v2\/pages\/3\/revisions"}],"predecessor-version":[{"id":1047,"href":"https:\/\/pilsetaspasaza.sleekpress.com\/ru\/wp-json\/wp\/v2\/pages\/3\/revisions\/1047"}],"wp:attachment":[{"href":"https:\/\/pilsetaspasaza.sleekpress.com\/ru\/wp-json\/wp\/v2\/media?parent=3"}],"curies":[{"name":"wp","href":"https:\/\/api.w.org\/{rel}","templated":true}]}}