{"id":477,"date":"2024-02-21T18:19:19","date_gmt":"2024-02-21T16:19:19","guid":{"rendered":"https:\/\/pilsetaspasaza.sleekpress.com\/?page_id=477"},"modified":"2024-05-20T14:14:06","modified_gmt":"2024-05-20T11:14:06","slug":"akcijas","status":"publish","type":"page","link":"https:\/\/pilsetaspasaza.sleekpress.com\/ru\/akcijas\/","title":{"rendered":"Akcijas"},"content":{"rendered":"<section class=\"wp-block-greenshift-blocks-row alignfull gspb_row gspb_row-id-gsbp-b41d77e\" id=\"gspb_row-id-gsbp-b41d77e\"><div class=\"gspb_backgroundOverlay\"><\/div><div class=\"gspb_row__content\"> \n<div class=\"wp-block-greenshift-blocks-row-column gspb_row__col--12 gspb_col-id-gsbp-b7e9bb5\" id=\"gspb_col-id-gsbp-b7e9bb5\">\n<div class=\"wp-block-greenshift-blocks-container gspb_container gspb_container-gsbp-827d219\" id=\"gspb_container-id-gsbp-827d219\">\n<div class=\"wp-block-greenshift-blocks-image gspb_image gspb_image-id-gsbp-7d72898\" id=\"gspb_image-id-gsbp-7d72898\"><img decoding=\"async\" src=\"https:\/\/pilsetaspasaza.sleekpress.com\/wp-content\/uploads\/2024\/02\/triangle.svg\" data-src=\"\" alt=\"\" loading=\"lazy\" width=\"26\"\/><\/div>\n\n\n\n<h2 id=\"gspb_heading-id-gsbp-4066d6f\" class=\"gspb_heading gspb_heading-id-gsbp-4066d6f\">Akcijas<\/h2>\n<\/div>\n\n\n\n<div class=\"wp-block-greenshift-blocks-container gspb_container gspb_container-gsbp-6866373\" id=\"gspb_container-id-gsbp-6866373\">\t\t<div id=\"gspbgrid_id-gsbp-ba08eff\" class=\"gspbgrid_id-gsbp-ba08eff gspbgrid-wrap-grid alignwide wp-block-greenshift-blocks-querygrid\">\n\t\t\t\t\t\t\t\t\t\t\t\t\t\t\t\t\t\t\t\t\t\t\t\t\t<div class=\"gspbgrid_list_builder wp-block-query\" data-filterargs='' data-template=\"querybuilder\" id=\"gspb_filterid_1383778266\" data-innerargs='' data-blockinstance='' data-perpage='12'>\n\t\t\t\t\t<ul class=\"wp-block-post-template\">\n\t\t\t\t\t\t\t\t\t\t\t\t\t\n<li class=\"gspbgrid_item swiper-slide post-571 type-akcija\">\n    <a class=\"gspbgrid_item_link\" title=\"GABI DZIM\u0160ANAS DIENA\" href=\"https:\/\/pilsetaspasaza.sleekpress.com\/ru\/akcija\/benu-janvaris-6\/\"><\/a>            \n<div class=\"gspb_id-gsbp-79e76c6 gspb-dynamic-post-image  wp-block-greenshift-blocks-dynamic-post-image\"><a href=\"https:\/\/pilsetaspasaza.sleekpress.com\/ru\/akcija\/benu-janvaris-6\/\" title=\"GABI DZIM\u0160ANAS DIENA\"><img decoding=\"async\" width=\"1200\" height=\"1200\" src=\"https:\/\/pilsetaspasaza.sleekpress.com\/wp-content\/uploads\/2024\/05\/GABI-BD-PAPILDUS-20.jpg\" class=\"wp-post-image\" alt=\"\" loading=\"lazy\" srcset=\"https:\/\/pilsetaspasaza.sleekpress.com\/wp-content\/uploads\/2024\/05\/GABI-BD-PAPILDUS-20.jpg 1200w, https:\/\/pilsetaspasaza.sleekpress.com\/wp-content\/uploads\/2024\/05\/GABI-BD-PAPILDUS-20-300x300.jpg 300w, https:\/\/pilsetaspasaza.sleekpress.com\/wp-content\/uploads\/2024\/05\/GABI-BD-PAPILDUS-20-1024x1024.jpg 1024w, https:\/\/pilsetaspasaza.sleekpress.com\/wp-content\/uploads\/2024\/05\/GABI-BD-PAPILDUS-20-150x150.jpg 150w, https:\/\/pilsetaspasaza.sleekpress.com\/wp-content\/uploads\/2024\/05\/GABI-BD-PAPILDUS-20-768x768.jpg 768w, https:\/\/pilsetaspasaza.sleekpress.com\/wp-content\/uploads\/2024\/05\/GABI-BD-PAPILDUS-20-12x12.jpg 12w\" sizes=\"auto, (max-width: 1200px) 100vw, 1200px\" \/><\/a><\/div>\n    <\/li>                            \t\t\t\t\t\t\t\t\t\t\t\t\t\n<li class=\"gspbgrid_item swiper-slide post-570 type-akcija\">\n    <a class=\"gspbgrid_item_link\" title=\"LEC CITIEM AC\u012aS   &#8211; Metropole\" href=\"https:\/\/pilsetaspasaza.sleekpress.com\/ru\/akcija\/benu-janvaris-5\/\"><\/a>            \n<div class=\"gspb_id-gsbp-79e76c6 gspb-dynamic-post-image  wp-block-greenshift-blocks-dynamic-post-image\"><a href=\"https:\/\/pilsetaspasaza.sleekpress.com\/ru\/akcija\/benu-janvaris-5\/\" title=\"LEC CITIEM AC\u012aS   &#8211; Metropole\"><img decoding=\"async\" width=\"1080\" height=\"1080\" src=\"https:\/\/pilsetaspasaza.sleekpress.com\/wp-content\/uploads\/2024\/02\/M_Romantiki-30_2024_WEB-TOPMEDIA-FB-1080x1080-1.jpg\" class=\"wp-post-image\" alt=\"\" loading=\"lazy\" srcset=\"https:\/\/pilsetaspasaza.sleekpress.com\/wp-content\/uploads\/2024\/02\/M_Romantiki-30_2024_WEB-TOPMEDIA-FB-1080x1080-1.jpg 1080w, https:\/\/pilsetaspasaza.sleekpress.com\/wp-content\/uploads\/2024\/02\/M_Romantiki-30_2024_WEB-TOPMEDIA-FB-1080x1080-1-300x300.jpg 300w, https:\/\/pilsetaspasaza.sleekpress.com\/wp-content\/uploads\/2024\/02\/M_Romantiki-30_2024_WEB-TOPMEDIA-FB-1080x1080-1-1024x1024.jpg 1024w, https:\/\/pilsetaspasaza.sleekpress.com\/wp-content\/uploads\/2024\/02\/M_Romantiki-30_2024_WEB-TOPMEDIA-FB-1080x1080-1-150x150.jpg 150w, https:\/\/pilsetaspasaza.sleekpress.com\/wp-content\/uploads\/2024\/02\/M_Romantiki-30_2024_WEB-TOPMEDIA-FB-1080x1080-1-768x768.jpg 768w, https:\/\/pilsetaspasaza.sleekpress.com\/wp-content\/uploads\/2024\/02\/M_Romantiki-30_2024_WEB-TOPMEDIA-FB-1080x1080-1-12x12.jpg 12w\" sizes=\"auto, (max-width: 1080px) 100vw, 1080px\" \/><\/a><\/div>\n    <\/li>                            \t\t\t\t\t\t\t\t\t\t\t\t\t\n<li class=\"gspbgrid_item swiper-slide post-569 type-akcija\">\n    <a class=\"gspbgrid_item_link\" title=\"DUBULTPRIEKS &#8211; Metropole\" href=\"https:\/\/pilsetaspasaza.sleekpress.com\/ru\/akcija\/benu-janvaris-4\/\"><\/a>            \n<div class=\"gspb_id-gsbp-79e76c6 gspb-dynamic-post-image  wp-block-greenshift-blocks-dynamic-post-image\"><a href=\"https:\/\/pilsetaspasaza.sleekpress.com\/ru\/akcija\/benu-janvaris-4\/\" title=\"DUBULTPRIEKS &#8211; Metropole\"><img decoding=\"async\" width=\"1080\" height=\"1080\" src=\"https:\/\/pilsetaspasaza.sleekpress.com\/wp-content\/uploads\/2024\/02\/MET-2XPRIEKS-Post-1080x1080px.jpg\" class=\"wp-post-image\" alt=\"\" loading=\"lazy\" srcset=\"https:\/\/pilsetaspasaza.sleekpress.com\/wp-content\/uploads\/2024\/02\/MET-2XPRIEKS-Post-1080x1080px.jpg 1080w, https:\/\/pilsetaspasaza.sleekpress.com\/wp-content\/uploads\/2024\/02\/MET-2XPRIEKS-Post-1080x1080px-300x300.jpg 300w, https:\/\/pilsetaspasaza.sleekpress.com\/wp-content\/uploads\/2024\/02\/MET-2XPRIEKS-Post-1080x1080px-1024x1024.jpg 1024w, https:\/\/pilsetaspasaza.sleekpress.com\/wp-content\/uploads\/2024\/02\/MET-2XPRIEKS-Post-1080x1080px-150x150.jpg 150w, https:\/\/pilsetaspasaza.sleekpress.com\/wp-content\/uploads\/2024\/02\/MET-2XPRIEKS-Post-1080x1080px-768x768.jpg 768w, https:\/\/pilsetaspasaza.sleekpress.com\/wp-content\/uploads\/2024\/02\/MET-2XPRIEKS-Post-1080x1080px-12x12.jpg 12w\" sizes=\"auto, (max-width: 1080px) 100vw, 1080px\" \/><\/a><\/div>\n    <\/li>                            \t\t\t\t\t\t\t\t\t\t\t\t\t\n<li class=\"gspbgrid_item swiper-slide post-568 type-akcija\">\n    <a class=\"gspbgrid_item_link\" title=\"Izbaud\u012bsim pavasari vesel\u012bgi \u2013\u00a0kop\u0101 ar saviem m\u012b\u013cajiem!\" href=\"https:\/\/pilsetaspasaza.sleekpress.com\/ru\/akcija\/benu-janvaris-3\/\"><\/a>            \n<div class=\"gspb_id-gsbp-79e76c6 gspb-dynamic-post-image  wp-block-greenshift-blocks-dynamic-post-image\"><a href=\"https:\/\/pilsetaspasaza.sleekpress.com\/ru\/akcija\/benu-janvaris-3\/\" title=\"Izbaud\u012bsim pavasari vesel\u012bgi \u2013\u00a0kop\u0101 ar saviem m\u012b\u013cajiem!\"><img decoding=\"async\" width=\"860\" height=\"860\" src=\"https:\/\/pilsetaspasaza.sleekpress.com\/wp-content\/uploads\/2024\/02\/BENU_MAIJS_2024_430x430px.jpg\" class=\"wp-post-image\" alt=\"\" loading=\"lazy\" srcset=\"https:\/\/pilsetaspasaza.sleekpress.com\/wp-content\/uploads\/2024\/02\/BENU_MAIJS_2024_430x430px.jpg 860w, https:\/\/pilsetaspasaza.sleekpress.com\/wp-content\/uploads\/2024\/02\/BENU_MAIJS_2024_430x430px-300x300.jpg 300w, https:\/\/pilsetaspasaza.sleekpress.com\/wp-content\/uploads\/2024\/02\/BENU_MAIJS_2024_430x430px-150x150.jpg 150w, https:\/\/pilsetaspasaza.sleekpress.com\/wp-content\/uploads\/2024\/02\/BENU_MAIJS_2024_430x430px-768x768.jpg 768w, https:\/\/pilsetaspasaza.sleekpress.com\/wp-content\/uploads\/2024\/02\/BENU_MAIJS_2024_430x430px-12x12.jpg 12w\" sizes=\"auto, (max-width: 860px) 100vw, 860px\" \/><\/a><\/div>\n    <\/li>                            \t\t\t\t\t\t\t\t\t\t\t\t\t\n<li class=\"gspbgrid_item swiper-slide post-567 type-akcija\">\n    <a class=\"gspbgrid_item_link\" title=\"KOP\u0100 AR LAB\u0100KAJIEM!\" href=\"https:\/\/pilsetaspasaza.sleekpress.com\/ru\/akcija\/benu-janvaris-2\/\"><\/a>            \n<div class=\"gspb_id-gsbp-79e76c6 gspb-dynamic-post-image  wp-block-greenshift-blocks-dynamic-post-image\"><a href=\"https:\/\/pilsetaspasaza.sleekpress.com\/ru\/akcija\/benu-janvaris-2\/\" title=\"KOP\u0100 AR LAB\u0100KAJIEM!\"><img decoding=\"async\" width=\"1200\" height=\"1200\" src=\"https:\/\/pilsetaspasaza.sleekpress.com\/wp-content\/uploads\/2024\/02\/Kopa-TC_1400x1400px.jpg\" class=\"wp-post-image\" alt=\"\" loading=\"lazy\" srcset=\"https:\/\/pilsetaspasaza.sleekpress.com\/wp-content\/uploads\/2024\/02\/Kopa-TC_1400x1400px.jpg 1200w, https:\/\/pilsetaspasaza.sleekpress.com\/wp-content\/uploads\/2024\/02\/Kopa-TC_1400x1400px-300x300.jpg 300w, https:\/\/pilsetaspasaza.sleekpress.com\/wp-content\/uploads\/2024\/02\/Kopa-TC_1400x1400px-1024x1024.jpg 1024w, https:\/\/pilsetaspasaza.sleekpress.com\/wp-content\/uploads\/2024\/02\/Kopa-TC_1400x1400px-150x150.jpg 150w, https:\/\/pilsetaspasaza.sleekpress.com\/wp-content\/uploads\/2024\/02\/Kopa-TC_1400x1400px-768x768.jpg 768w, https:\/\/pilsetaspasaza.sleekpress.com\/wp-content\/uploads\/2024\/02\/Kopa-TC_1400x1400px-12x12.jpg 12w\" sizes=\"auto, (max-width: 1200px) 100vw, 1200px\" \/><\/a><\/div>\n    <\/li>                            \t\t\t\t\t\t\t\t\t\t\t<\/ul>\n\t\t\t\t\t\t\t\t\t<\/div>\n\t\t\t\t<div class=\"clearfix\"><\/div>\n\t\t\t\t\t<\/div>\n\t\t\t<\/div>\n<\/div>\n <\/div><\/section>","protected":false},"excerpt":{"rendered":"","protected":false},"author":1,"featured_media":0,"parent":0,"menu_order":0,"comment_status":"closed","ping_status":"closed","template":"","meta":{"_acf_changed":false,"_gspb_post_css":"#gspb_image-id-gsbp-7d72898 img{vertical-align:top;display:inline-block;box-sizing:border-box;max-width:100%;width:26px;height:auto}#gspb_image-id-gsbp-7d72898{height:auto}@media (max-width:991.98px){#gspb_image-id-gsbp-7d72898,#gspb_image-id-gsbp-7d72898 img{height:auto}}@media (max-width:767.98px){#gspb_image-id-gsbp-7d72898,#gspb_image-id-gsbp-7d72898 img{height:auto}}@media (max-width:575.98px){#gspb_image-id-gsbp-7d72898,#gspb_image-id-gsbp-7d72898 img{height:auto}}#gspb_heading-id-gsbp-4066d6f,#gspb_row-id-gsbp-b41d77e{margin-top:0;margin-bottom:0}#gspb_row-id-gsbp-b41d77e{justify-content:space-between;display:flex;flex-wrap:wrap;background-size:auto;background-position:51% 52%;background-image:url(http:\/\/pilsetaspasaza.sleekpress.com\/wp-content\/uploads\/2024\/02\/akcijas-bg-1.png);isolation:isolate}#gspb_row-id-gsbp-b41d77e>.gspb_row__content{display:flex;justify-content:space-between;margin:0 auto;width:100%;flex-wrap:wrap}.gspb_row{position:relative}div[id^=gspb_col-id]{padding:15px min(3vw,20px);box-sizing:border-box;position:relative}body.gspb-bodyfront #gspb_row-id-gsbp-b41d77e>.gspb_row__content{width:var(--theme-container-width, 1200px);max-width:var(--theme-normal-container-max-width, 1200px)}#gspb_row-id-gsbp-b41d77e:hover{background-size:auto}#gspb_row-id-gsbp-b41d77e>.gspb_backgroundOverlay{position:absolute;top:0;left:0;width:100%;height:100%;z-index:-1;background-color:#f5f5f5ed}#gspb_col-id-gsbp-b7e9bb5.gspb_row__col--12{width:100%}@media (max-width:575.98px){#gspb_col-id-gsbp-b7e9bb5.gspb_row__col--12{width:100%}}.gspb_row #gspb_col-id-gsbp-b7e9bb5.gspb_row__col--12{margin-top:4rem;margin-bottom:4rem}body #gspb_col-id-gsbp-b7e9bb5.gspb_row__col--12{display:flex;flex-direction:column;row-gap:2rem}.gspb_container-id-gsbp-827d219{flex-direction:column;box-sizing:border-box}#gspb_container-id-gsbp-6866373.gspb_container>p:last-of-type,#gspb_container-id-gsbp-827d219.gspb_container>p:last-of-type{margin-bottom:0}#gspb_container-id-gsbp-827d219.gspb_container{display:flex;align-items:center;column-gap:1rem}.gspb_container-id-gsbp-6866373{flex-direction:column;box-sizing:border-box}.gspb_container{position:relative}.gspb_id-gsbp-79e76c6{text-align:center}.gspb_id-gsbp-79e76c6 img{vertical-align:top}@media (max-width:991.98px){.gspb_id-gsbp-79e76c6 img{vertical-align:top}}@media (max-width:767.98px){.gspb_id-gsbp-79e76c6 img{vertical-align:top}}@media (max-width:575.98px){.gspb_id-gsbp-79e76c6 img{vertical-align:top}}.gspb_id-gsbp-79e76c6 img,.gspb_id-gsbp-79e76c6 svg.gspb_svg_placeholder{width:nullpx;max-width:100%;height:auto}.gspbgrid_id-gsbp-ba08eff ul.wp-block-post-template{list-style:none;margin:0;padding:0;display:grid;grid-template-columns:repeat(3,1fr)}.gspbgrid_id-gsbp-ba08eff ul.wp-block-post-template:before{display:none!important}.gspbgrid_id-gsbp-ba08eff ul.wp-block-post-template>li{width:100%!important}.gspbgrid_id-gsbp-ba08eff{margin-bottom:40px}.gspbgrid_id-gsbp-ba08eff .wp-block-post-template>.gspbgrid_item{box-shadow:0 15px 25px 0 rgba(0,0,0,.1);overflow:hidden;border-top-left-radius:6px;border-top-right-radius:6px;border-bottom-right-radius:6px;border-bottom-left-radius:6px;border-style:solid;border-width:1px;border-color:#7d7d7d2b;background-color:#f5f5f5;position:relative}.gspbgrid_id-gsbp-ba08eff .gspbgrid_item_link{position:absolute;top:0;left:0;right:0;bottom:0;width:100%;height:100%;z-index:3}@media (max-width:991.98px){.gspbgrid_id-gsbp-ba08eff ul.wp-block-post-template{grid-template-columns:repeat(2,1fr)}}@media (max-width:767.98px){.gspbgrid_id-gsbp-ba08eff ul.wp-block-post-template{grid-template-columns:repeat(2,1fr)}}@media (max-width:575.98px){.gspbgrid_id-gsbp-ba08eff ul.wp-block-post-template{grid-template-columns:repeat(1,1fr)}}.gspbgrid_id-gsbp-ba08eff ul.wp-block-post-template{gap:20px}@media (max-width:991.98px){.gspbgrid_id-gsbp-ba08eff ul.wp-block-post-template{gap:20px}}@media (max-width:767.98px){.gspbgrid_id-gsbp-ba08eff ul.wp-block-post-template{gap:20px}}@media (max-width:575.98px){.gspbgrid_id-gsbp-ba08eff ul.wp-block-post-template{gap:20px}}.gspbgrid_id-gsbp-ba08eff .wp-block-post-template>li:nth-child(1){position:relative}@media (max-width:575.98px){.gspbgrid_id-gsbp-ba08eff .wp-block-post-template>li:nth-child(1){grid-column-start:1;grid-column-end:2;grid-row-start:1;grid-row-end:2}}.gspbgrid_id-gsbp-ba08eff .wp-block-post-template>li:nth-child(2){position:relative}@media (max-width:575.98px){.gspbgrid_id-gsbp-ba08eff .wp-block-post-template>li:nth-child(2){grid-column-start:1;grid-column-end:2;grid-row-start:2;grid-row-end:3}}.gspbgrid_id-gsbp-ba08eff .wp-block-post-template>li:nth-child(3){position:relative}@media (max-width:575.98px){.gspbgrid_id-gsbp-ba08eff .wp-block-post-template>li:nth-child(3){grid-column-start:1;grid-column-end:2;grid-row-start:3;grid-row-end:4}}.gspbgrid_id-gsbp-ba08eff .wp-block-post-template>li:nth-child(4){position:relative}@media (max-width:575.98px){.gspbgrid_id-gsbp-ba08eff .wp-block-post-template>li:nth-child(4){grid-column-start:1;grid-column-end:2;grid-row-start:4;grid-row-end:5}}.gspbgrid_id-gsbp-ba08eff .wp-block-post-template>li:nth-child(5){position:relative}@media (max-width:575.98px){.gspbgrid_id-gsbp-ba08eff .wp-block-post-template>li:nth-child(5){grid-column-start:1;grid-column-end:2;grid-row-start:5;grid-row-end:6}}.gspbgrid_id-gsbp-ba08eff .wp-block-post-template>li:nth-child(6){position:relative}@media (max-width:575.98px){.gspbgrid_id-gsbp-ba08eff .wp-block-post-template>li:nth-child(6){grid-column-start:1;grid-column-end:2;grid-row-start:6;grid-row-end:7}}.gspbgrid_id-gsbp-ba08eff .wp-block-post-template>li:nth-child(7){position:relative}@media (max-width:575.98px){.gspbgrid_id-gsbp-ba08eff .wp-block-post-template>li:nth-child(7){grid-column-start:1;grid-column-end:2;grid-row-start:7;grid-row-end:8}}.gspbgrid_id-gsbp-ba08eff .wp-block-post-template>li:nth-child(8){position:relative}@media (max-width:575.98px){.gspbgrid_id-gsbp-ba08eff .wp-block-post-template>li:nth-child(8){grid-column-start:1;grid-column-end:2;grid-row-start:8;grid-row-end:9}}.gspbgrid_id-gsbp-ba08eff .wp-block-post-template>li:nth-child(9){position:relative}@media (max-width:575.98px){.gspbgrid_id-gsbp-ba08eff .wp-block-post-template>li:nth-child(9){grid-column-start:1;grid-column-end:2;grid-row-start:9;grid-row-end:10}}.gspbgrid_id-gsbp-ba08eff .wp-block-post-template>li:nth-child(10){position:relative}@media (max-width:575.98px){.gspbgrid_id-gsbp-ba08eff .wp-block-post-template>li:nth-child(10){grid-column-start:1;grid-column-end:2;grid-row-start:10;grid-row-end:11}}.gspbgrid_id-gsbp-ba08eff .wp-block-post-template>li:nth-child(11){position:relative}@media (max-width:575.98px){.gspbgrid_id-gsbp-ba08eff .wp-block-post-template>li:nth-child(11){grid-column-start:1;grid-column-end:2;grid-row-start:11;grid-row-end:12}}.gspbgrid_id-gsbp-ba08eff .wp-block-post-template>li:nth-child(12){position:relative}@media (max-width:575.98px){.gspbgrid_id-gsbp-ba08eff .wp-block-post-template>li:nth-child(12){grid-column-start:1;grid-column-end:2;grid-row-start:12;grid-row-end:13}}","footnotes":""},"class_list":["post-477","page","type-page","status-publish","hentry"],"blocksy_meta":{"has_hero_section":"disabled","styles_descriptor":{"styles":{"desktop":"","tablet":"","mobile":""},"google_fonts":[],"version":6},"content_style_source":"inherit","vertical_spacing_source":"custom","content_area_spacing":"none"},"acf":[],"_links":{"self":[{"href":"https:\/\/pilsetaspasaza.sleekpress.com\/ru\/wp-json\/wp\/v2\/pages\/477","targetHints":{"allow":["GET"]}}],"collection":[{"href":"https:\/\/pilsetaspasaza.sleekpress.com\/ru\/wp-json\/wp\/v2\/pages"}],"about":[{"href":"https:\/\/pilsetaspasaza.sleekpress.com\/ru\/wp-json\/wp\/v2\/types\/page"}],"author":[{"embeddable":true,"href":"https:\/\/pilsetaspasaza.sleekpress.com\/ru\/wp-json\/wp\/v2\/users\/1"}],"replies":[{"embeddable":true,"href":"https:\/\/pilsetaspasaza.sleekpress.com\/ru\/wp-json\/wp\/v2\/comments?post=477"}],"version-history":[{"count":7,"href":"https:\/\/pilsetaspasaza.sleekpress.com\/ru\/wp-json\/wp\/v2\/pages\/477\/revisions"}],"predecessor-version":[{"id":1039,"href":"https:\/\/pilsetaspasaza.sleekpress.com\/ru\/wp-json\/wp\/v2\/pages\/477\/revisions\/1039"}],"wp:attachment":[{"href":"https:\/\/pilsetaspasaza.sleekpress.com\/ru\/wp-json\/wp\/v2\/media?parent=477"}],"curies":[{"name":"wp","href":"https:\/\/api.w.org\/{rel}","templated":true}]}}