{"id":479,"date":"2024-02-21T18:19:53","date_gmt":"2024-02-21T16:19:53","guid":{"rendered":"https:\/\/pilsetaspasaza.sleekpress.com\/?page_id=479"},"modified":"2024-05-21T06:48:43","modified_gmt":"2024-05-21T03:48:43","slug":"aktualitates","status":"publish","type":"page","link":"https:\/\/pilsetaspasaza.sleekpress.com\/ru\/aktualitates\/","title":{"rendered":"Aktualit\u0101tes"},"content":{"rendered":"<section class=\"wp-block-greenshift-blocks-row alignfull gspb_row gspb_row-id-gsbp-8dcd82d\" id=\"gspb_row-id-gsbp-8dcd82d\"><div class=\"gspb_row__content\"> \n<div class=\"wp-block-greenshift-blocks-row-column gspb_row__col--12 gspb_col-id-gsbp-fd69db3\" id=\"gspb_col-id-gsbp-fd69db3\">\n<div class=\"wp-block-greenshift-blocks-container gspb_container gspb_container-gsbp-13831df\" id=\"gspb_container-id-gsbp-13831df\">\n<div class=\"wp-block-greenshift-blocks-image gspb_image gspb_image-id-gsbp-d1b0f05\" id=\"gspb_image-id-gsbp-d1b0f05\"><img decoding=\"async\" src=\"https:\/\/pilsetaspasaza.sleekpress.com\/wp-content\/uploads\/2024\/02\/triangle.svg\" data-src=\"\" alt=\"\" loading=\"lazy\" width=\"26\"\/><\/div>\n\n\n\n<h2 id=\"gspb_heading-id-gsbp-756c683\" class=\"gspb_heading gspb_heading-id-gsbp-756c683\">Aktualit\u0101tes<\/h2>\n<\/div>\n\n\n\n<div class=\"wp-block-greenshift-blocks-container gspb_container gspb_container-gsbp-6aca5bb\" id=\"gspb_container-id-gsbp-6aca5bb\"><div class=\"wp-block-blocksy-query\" data-id=\"f78\"><div class=\"ct-posts-block\" data-prefix=\"blog\"><div class=\"entries\" data-archive=\"default\" data-layout=\"grid\" data-cards=\"simple\"  data-hover=\"zoom-in\" ><article class=\"entry-card post-412 post type-post status-publish format-standard has-post-thumbnail hentry category-uncategorized\" ><a class=\"ct-media-container has-hover-effect\" href=\"https:\/\/pilsetaspasaza.sleekpress.com\/ru\/benu-janvaris-2024-2\/\" aria-label=\"\u0160is tirdzniec\u012bbas centrs ir draudz\u012bgs \u0137epai\u0146iem!\" tabindex=\"-1\"><img decoding=\"async\" width=\"768\" height=\"1081\" src=\"https:\/\/pilsetaspasaza.sleekpress.com\/wp-content\/uploads\/2024\/02\/PP_Kepaini_A4_final-768x1081.jpg\" class=\"attachment-medium_large size-medium_large wp-post-image\" alt=\"\" loading=\"lazy\" srcset=\"https:\/\/pilsetaspasaza.sleekpress.com\/wp-content\/uploads\/2024\/02\/PP_Kepaini_A4_final-768x1081.jpg 768w, https:\/\/pilsetaspasaza.sleekpress.com\/wp-content\/uploads\/2024\/02\/PP_Kepaini_A4_final-213x300.jpg 213w, https:\/\/pilsetaspasaza.sleekpress.com\/wp-content\/uploads\/2024\/02\/PP_Kepaini_A4_final-728x1024.jpg 728w, https:\/\/pilsetaspasaza.sleekpress.com\/wp-content\/uploads\/2024\/02\/PP_Kepaini_A4_final-1091x1536.jpg 1091w, https:\/\/pilsetaspasaza.sleekpress.com\/wp-content\/uploads\/2024\/02\/PP_Kepaini_A4_final-9x12.jpg 9w, https:\/\/pilsetaspasaza.sleekpress.com\/wp-content\/uploads\/2024\/02\/PP_Kepaini_A4_final.jpg 1200w\" sizes=\"auto, (max-width: 768px) 100vw, 768px\" itemprop=\"image\" style=\"aspect-ratio: 4\/3;\" \/><\/a><h2 class=\"entry-title\"><a href=\"https:\/\/pilsetaspasaza.sleekpress.com\/ru\/benu-janvaris-2024-2\/\" rel=\"bookmark\">\u0160is tirdzniec\u012bbas centrs ir draudz\u012bgs \u0137epai\u0146iem!<\/a><\/h2><a class=\"entry-button\" href=\"https:\/\/pilsetaspasaza.sleekpress.com\/ru\/benu-janvaris-2024-2\/\">Skat\u012bt vair\u0101k<svg width=\"17px\" height=\"17px\" viewbox=\"0 0 32 32\" fill=\"currentColor\"><path d=\"M 21.1875 9.28125 L 19.78125 10.71875 L 24.0625 15 L 4 15 L 4 17 L 24.0625 17 L 19.78125 21.28125 L 21.1875 22.71875 L 27.90625 16 Z \"><\/path><\/svg><span class=\"screen-reader-text\">\u0160is tirdzniec\u012bbas centrs ir draudz\u012bgs \u0137epai\u0146iem!<\/span><\/a><\/article><article class=\"entry-card post-410 post type-post status-publish format-standard has-post-thumbnail hentry category-uncategorized\" ><a class=\"ct-media-container has-hover-effect\" href=\"https:\/\/pilsetaspasaza.sleekpress.com\/ru\/benu-janvaris-2024\/\" aria-label=\"Info par st\u0101vvietu\" tabindex=\"-1\"><img decoding=\"async\" width=\"768\" height=\"425\" src=\"https:\/\/pilsetaspasaza.sleekpress.com\/wp-content\/uploads\/2024\/02\/TC_PP_Autostavvieta-768x425.jpg\" class=\"attachment-medium_large size-medium_large wp-post-image\" alt=\"\" loading=\"lazy\" srcset=\"https:\/\/pilsetaspasaza.sleekpress.com\/wp-content\/uploads\/2024\/02\/TC_PP_Autostavvieta-768x425.jpg 768w, https:\/\/pilsetaspasaza.sleekpress.com\/wp-content\/uploads\/2024\/02\/TC_PP_Autostavvieta-300x166.jpg 300w, https:\/\/pilsetaspasaza.sleekpress.com\/wp-content\/uploads\/2024\/02\/TC_PP_Autostavvieta-1024x567.jpg 1024w, https:\/\/pilsetaspasaza.sleekpress.com\/wp-content\/uploads\/2024\/02\/TC_PP_Autostavvieta-1536x851.jpg 1536w, https:\/\/pilsetaspasaza.sleekpress.com\/wp-content\/uploads\/2024\/02\/TC_PP_Autostavvieta-18x10.jpg 18w, https:\/\/pilsetaspasaza.sleekpress.com\/wp-content\/uploads\/2024\/02\/TC_PP_Autostavvieta.jpg 1600w\" sizes=\"auto, (max-width: 768px) 100vw, 768px\" itemprop=\"image\" style=\"aspect-ratio: 4\/3;\" \/><\/a><h2 class=\"entry-title\"><a href=\"https:\/\/pilsetaspasaza.sleekpress.com\/ru\/benu-janvaris-2024\/\" rel=\"bookmark\">Info par st\u0101vvietu<\/a><\/h2><a class=\"entry-button\" href=\"https:\/\/pilsetaspasaza.sleekpress.com\/ru\/benu-janvaris-2024\/\">Skat\u012bt vair\u0101k<svg width=\"17px\" height=\"17px\" viewbox=\"0 0 32 32\" fill=\"currentColor\"><path d=\"M 21.1875 9.28125 L 19.78125 10.71875 L 24.0625 15 L 4 15 L 4 17 L 24.0625 17 L 19.78125 21.28125 L 21.1875 22.71875 L 27.90625 16 Z \"><\/path><\/svg><span class=\"screen-reader-text\">Info par st\u0101vvietu<\/span><\/a><\/article><\/div><\/div><\/div><\/div>\n<\/div>\n <\/div><\/section>","protected":false},"excerpt":{"rendered":"","protected":false},"author":1,"featured_media":0,"parent":0,"menu_order":0,"comment_status":"closed","ping_status":"closed","template":"","meta":{"_acf_changed":false,"_gspb_post_css":"#gspb_row-id-gsbp-8dcd82d{justify-content:space-between;margin-top:0;margin-bottom:0;display:flex;flex-wrap:wrap}#gspb_row-id-gsbp-8dcd82d>.gspb_row__content{display:flex;justify-content:space-between;margin:0 auto;width:100%;flex-wrap:wrap}.gspb_row{position:relative}div[id^=gspb_col-id]{box-sizing:border-box;position:relative;padding:15px min(3vw,20px)}body.gspb-bodyfront #gspb_row-id-gsbp-8dcd82d>.gspb_row__content{width:var(--theme-container-width, 1200px);max-width:var(--theme-normal-container-max-width, 1200px)}#gspb_col-id-gsbp-fd69db3.gspb_row__col--12{width:100%}@media (max-width:575.98px){#gspb_col-id-gsbp-fd69db3.gspb_row__col--12{width:100%}}.gspb_row #gspb_col-id-gsbp-fd69db3.gspb_row__col--12{margin-top:4rem;margin-bottom:4rem}body #gspb_col-id-gsbp-fd69db3.gspb_row__col--12{display:flex;flex-direction:column;row-gap:2rem}.gspb_container-id-gsbp-13831df{flex-direction:column;box-sizing:border-box}#gspb_container-id-gsbp-13831df.gspb_container>p:last-of-type,#gspb_container-id-gsbp-6aca5bb.gspb_container>p:last-of-type{margin-bottom:0}#gspb_container-id-gsbp-13831df.gspb_container{display:flex;align-items:center;column-gap:1rem}#gspb_image-id-gsbp-d1b0f05 img{vertical-align:top;display:inline-block;box-sizing:border-box;max-width:100%;width:26px;height:auto}#gspb_image-id-gsbp-d1b0f05{height:auto}@media (max-width:991.98px){#gspb_image-id-gsbp-d1b0f05,#gspb_image-id-gsbp-d1b0f05 img{height:auto}}@media (max-width:767.98px){#gspb_image-id-gsbp-d1b0f05,#gspb_image-id-gsbp-d1b0f05 img{height:auto}}@media (max-width:575.98px){#gspb_image-id-gsbp-d1b0f05,#gspb_image-id-gsbp-d1b0f05 img{height:auto}}#gspb_heading-id-gsbp-756c683{margin-top:0;margin-bottom:0}.gspb_container-id-gsbp-6aca5bb{flex-direction:column;box-sizing:border-box}.gspb_container{position:relative}","footnotes":""},"class_list":["post-479","page","type-page","status-publish","hentry"],"blocksy_meta":{"has_hero_section":"disabled","vertical_spacing_source":"custom","content_area_spacing":"none","styles_descriptor":{"styles":{"desktop":"","tablet":"","mobile":""},"google_fonts":[],"version":6}},"acf":[],"_links":{"self":[{"href":"https:\/\/pilsetaspasaza.sleekpress.com\/ru\/wp-json\/wp\/v2\/pages\/479","targetHints":{"allow":["GET"]}}],"collection":[{"href":"https:\/\/pilsetaspasaza.sleekpress.com\/ru\/wp-json\/wp\/v2\/pages"}],"about":[{"href":"https:\/\/pilsetaspasaza.sleekpress.com\/ru\/wp-json\/wp\/v2\/types\/page"}],"author":[{"embeddable":true,"href":"https:\/\/pilsetaspasaza.sleekpress.com\/ru\/wp-json\/wp\/v2\/users\/1"}],"replies":[{"embeddable":true,"href":"https:\/\/pilsetaspasaza.sleekpress.com\/ru\/wp-json\/wp\/v2\/comments?post=479"}],"version-history":[{"count":7,"href":"https:\/\/pilsetaspasaza.sleekpress.com\/ru\/wp-json\/wp\/v2\/pages\/479\/revisions"}],"predecessor-version":[{"id":1044,"href":"https:\/\/pilsetaspasaza.sleekpress.com\/ru\/wp-json\/wp\/v2\/pages\/479\/revisions\/1044"}],"wp:attachment":[{"href":"https:\/\/pilsetaspasaza.sleekpress.com\/ru\/wp-json\/wp\/v2\/media?parent=479"}],"curies":[{"name":"wp","href":"https:\/\/api.w.org\/{rel}","templated":true}]}}