{"id":519,"date":"2024-02-22T07:14:58","date_gmt":"2024-02-22T05:14:58","guid":{"rendered":"https:\/\/pilsetaspasaza.sleekpress.com\/?page_id=519"},"modified":"2024-02-22T10:39:15","modified_gmt":"2024-02-22T08:39:15","slug":"darba-laiki","status":"publish","type":"page","link":"https:\/\/pilsetaspasaza.sleekpress.com\/ru\/darba-laiki\/","title":{"rendered":"Darba laiki"},"content":{"rendered":"<section class=\"wp-block-greenshift-blocks-row alignfull gspb_row gspb_row-id-gsbp-0fe28be\" id=\"gspb_row-id-gsbp-0fe28be\"><div class=\"gspb_backgroundOverlay\"><\/div><div class=\"gspb_row__content\"> \n<div class=\"wp-block-greenshift-blocks-row-column gspb_row__col--12 gspb_col-id-gsbp-02e3fb5\" id=\"gspb_col-id-gsbp-02e3fb5\">\n<h1 id=\"gspb_heading-id-gsbp-e0a1cbf\" class=\"gspb_heading gspb_heading-id-gsbp-e0a1cbf\">TC &#8220;Pils\u0113tas pas\u0101\u017ea&#8221; darba laiki<\/h1>\n\n\n\n<div class=\"wp-block-greenshift-blocks-container gspb_container gspb_container-gsbp-d12bb04\" id=\"gspb_container-id-gsbp-d12bb04\">\n<div class=\"wp-block-greenshift-blocks-container gspb_container gspb_container-gsbp-de99429\" id=\"gspb_container-id-gsbp-de99429\">\n<div id=\"gspb_text-id-gsbp-5a968ae\" class=\"gspb_text gspb_text-id-gsbp-5a968ae\">Pils\u0113tas pas\u0101\u017ea<\/div>\n\n\n\n<div class=\"wp-block-greenshift-blocks-container gspb_container gspb_container-gsbp-ae307e2\" id=\"gspb_container-id-gsbp-ae307e2\">\n<div id=\"gspb_text-id-gsbp-6fb9b9b\" class=\"gspb_text gspb_text-id-gsbp-6fb9b9b\">P. &#8211; SV.<\/div>\n\n\n\n<div id=\"gspb_text-id-gsbp-9fcdf82\" class=\"gspb_text gspb_text-id-gsbp-9fcdf82\">10 &#8211; 22<\/div>\n<\/div>\n<\/div>\n\n\n\n<div class=\"wp-block-greenshift-blocks-container gspb_container gspb_container-gsbp-3fdd340\" id=\"gspb_container-id-gsbp-3fdd340\">\n<div id=\"gspb_text-id-gsbp-240c7b9\" class=\"gspb_text gspb_text-id-gsbp-240c7b9\">Infocentrs<\/div>\n\n\n\n<div class=\"wp-block-greenshift-blocks-container gspb_container gspb_container-gsbp-d6fa31d\" id=\"gspb_container-id-gsbp-d6fa31d\">\n<div id=\"gspb_text-id-gsbp-95a7f4d\" class=\"gspb_text gspb_text-id-gsbp-95a7f4d\">P. &#8211; SV.<\/div>\n\n\n\n<div id=\"gspb_text-id-gsbp-62640eb\" class=\"gspb_text gspb_text-id-gsbp-62640eb\">9 &#8211; 18<\/div>\n<\/div>\n<\/div>\n\n\n\n<div class=\"wp-block-greenshift-blocks-container gspb_container gspb_container-gsbp-70ed3f5\" id=\"gspb_container-id-gsbp-70ed3f5\">\n<div id=\"gspb_text-id-gsbp-1c257e8\" class=\"gspb_text gspb_text-id-gsbp-1c257e8\">Mego<\/div>\n\n\n\n<div class=\"wp-block-greenshift-blocks-container gspb_container gspb_container-gsbp-9c65831\" id=\"gspb_container-id-gsbp-9c65831\">\n<div id=\"gspb_text-id-gsbp-35c0677\" class=\"gspb_text gspb_text-id-gsbp-35c0677\">P. &#8211; SV.<\/div>\n\n\n\n<div id=\"gspb_text-id-gsbp-7c662ac\" class=\"gspb_text gspb_text-id-gsbp-7c662ac\">8 &#8211; 22<\/div>\n<\/div>\n<\/div>\n\n\n\n<div class=\"wp-block-greenshift-blocks-container gspb_container gspb_container-gsbp-d00e785\" id=\"gspb_container-id-gsbp-d00e785\">\n<div id=\"gspb_text-id-gsbp-586f324\" class=\"gspb_text gspb_text-id-gsbp-586f324\">Benu Aptieka<\/div>\n\n\n\n<div class=\"wp-block-greenshift-blocks-container gspb_container gspb_container-gsbp-91ec6b9\" id=\"gspb_container-id-gsbp-91ec6b9\">\n<div id=\"gspb_text-id-gsbp-7ecba5e\" class=\"gspb_text gspb_text-id-gsbp-7ecba5e\">P. &#8211; PK.<\/div>\n\n\n\n<div id=\"gspb_text-id-gsbp-e306545\" class=\"gspb_text gspb_text-id-gsbp-e306545\">9 &#8211; 20<\/div>\n<\/div>\n\n\n\n<div class=\"wp-block-greenshift-blocks-container gspb_container gspb_container-gsbp-9a3812f\" id=\"gspb_container-id-gsbp-9a3812f\">\n<div id=\"gspb_text-id-gsbp-ea8a8b0\" class=\"gspb_text gspb_text-id-gsbp-ea8a8b0\">S. &#8211; SV.<\/div>\n\n\n\n<div id=\"gspb_text-id-gsbp-159286d\" class=\"gspb_text gspb_text-id-gsbp-159286d\">9 -18<\/div>\n<\/div>\n<\/div>\n\n\n\n<div class=\"wp-block-greenshift-blocks-container gspb_container gspb_container-gsbp-e604b7a\" id=\"gspb_container-id-gsbp-e604b7a\">\n<div id=\"gspb_text-id-gsbp-7fbee01\" class=\"gspb_text gspb_text-id-gsbp-7fbee01\">Industra<\/div>\n\n\n\n<div class=\"wp-block-greenshift-blocks-container gspb_container gspb_container-gsbp-e21b634\" id=\"gspb_container-id-gsbp-e21b634\">\n<div id=\"gspb_text-id-gsbp-c5b1c03\" class=\"gspb_text gspb_text-id-gsbp-c5b1c03\">P. &#8211; PK.<\/div>\n\n\n\n<div id=\"gspb_text-id-gsbp-6329460\" class=\"gspb_text gspb_text-id-gsbp-6329460\">9 &#8211; 20<\/div>\n<\/div>\n\n\n\n<div class=\"wp-block-greenshift-blocks-container gspb_container gspb_container-gsbp-d858828\" id=\"gspb_container-id-gsbp-d858828\">\n<div id=\"gspb_text-id-gsbp-fe938ef\" class=\"gspb_text gspb_text-id-gsbp-fe938ef\">S. &#8211; SV.<\/div>\n\n\n\n<div id=\"gspb_text-id-gsbp-5629f75\" class=\"gspb_text gspb_text-id-gsbp-5629f75\">Sl\u0113gts<\/div>\n<\/div>\n<\/div>\n\n\n\n<div class=\"wp-block-greenshift-blocks-container gspb_container gspb_container-gsbp-3b80d38\" id=\"gspb_container-id-gsbp-3b80d38\">\n<div id=\"gspb_text-id-gsbp-31406f7\" class=\"gspb_text gspb_text-id-gsbp-31406f7\">LMT, Elats<br>Forevers<\/div>\n\n\n\n<div class=\"wp-block-greenshift-blocks-container gspb_container gspb_container-gsbp-4873a08\" id=\"gspb_container-id-gsbp-4873a08\">\n<div id=\"gspb_text-id-gsbp-2fd794f\" class=\"gspb_text gspb_text-id-gsbp-2fd794f\">P. &#8211; sv.<\/div>\n\n\n\n<div id=\"gspb_text-id-gsbp-1bc1ae9\" class=\"gspb_text gspb_text-id-gsbp-1bc1ae9\">9 &#8211; 20<\/div>\n<\/div>\n<\/div>\n\n\n\n<div class=\"wp-block-greenshift-blocks-container gspb_container gspb_container-gsbp-0d65ba6\" id=\"gspb_container-id-gsbp-0d65ba6\">\n<div id=\"gspb_text-id-gsbp-4cb70d5\" class=\"gspb_text gspb_text-id-gsbp-4cb70d5\">vr gaming<br>Kids arena<\/div>\n\n\n\n<div class=\"wp-block-greenshift-blocks-container gspb_container gspb_container-gsbp-15f34c9\" id=\"gspb_container-id-gsbp-15f34c9\">\n<div id=\"gspb_text-id-gsbp-359caa8\" class=\"gspb_text gspb_text-id-gsbp-359caa8\">P. &#8211; sv.<\/div>\n\n\n\n<div id=\"gspb_text-id-gsbp-a003d10\" class=\"gspb_text gspb_text-id-gsbp-a003d10\">10 &#8211; 22<\/div>\n<\/div>\n<\/div>\n<\/div>\n<\/div>\n <\/div><\/section>","protected":false},"excerpt":{"rendered":"","protected":false},"author":1,"featured_media":0,"parent":0,"menu_order":0,"comment_status":"closed","ping_status":"closed","template":"","meta":{"_acf_changed":false,"_gspb_post_css":"@media (max-width:575.98px){#gspb_heading-id-gsbp-e0a1cbf{font-size:24px}}#gspb_heading-id-gsbp-e0a1cbf{color:var(--wp--preset--color--palette-color-8, var(--theme-palette-color-8, #ffffff));margin-top:0;margin-bottom:30px}@media (max-width:575.98px){#gspb_heading-id-gsbp-e0a1cbf{margin-bottom:30px}}#gspb_heading-id-gsbp-e0a1cbf{max-width:300px}.gspb_text-id-gsbp-5a968ae{text-transform:uppercase;font-size:20px}@media (max-width:575.98px){.gspb_text-id-gsbp-5a968ae{font-size:16px}}.gspb_text-id-gsbp-5a968ae{font-weight:700!important}.gspb_text-id-gsbp-6fb9b9b{text-transform:uppercase;font-size:12px;font-weight:700!important}.gspb_text-id-gsbp-9fcdf82{text-transform:uppercase;font-size:20px;line-height:1}@media (max-width:575.98px){.gspb_text-id-gsbp-9fcdf82{font-size:16px}}.gspb_text-id-gsbp-9fcdf82{font-weight:700!important}@media (max-width:575.98px){.gspb_text-id-gsbp-9fcdf82{margin-top:0!important}}.gspb_text-id-gsbp-240c7b9{text-transform:uppercase;font-size:20px}@media (max-width:575.98px){.gspb_text-id-gsbp-240c7b9{font-size:16px}}.gspb_text-id-gsbp-240c7b9{font-weight:700!important}.gspb_text-id-gsbp-95a7f4d{text-transform:uppercase;font-size:12px;font-weight:700!important}.gspb_text-id-gsbp-62640eb{text-transform:uppercase;font-size:20px;line-height:1}@media (max-width:575.98px){.gspb_text-id-gsbp-62640eb{font-size:16px}}.gspb_text-id-gsbp-62640eb{font-weight:700!important}.gspb_text-id-gsbp-1c257e8,.gspb_text-id-gsbp-35c0677{text-transform:uppercase;font-size:20px;font-weight:700!important}.gspb_text-id-gsbp-35c0677{font-size:12px}.gspb_text-id-gsbp-7c662ac{text-transform:uppercase;font-size:20px;line-height:1}@media (max-width:575.98px){.gspb_text-id-gsbp-7c662ac{font-size:16px}}.gspb_text-id-gsbp-7c662ac{font-weight:700!important}.gspb_text-id-gsbp-586f324{text-transform:uppercase;font-size:20px}@media (max-width:575.98px){.gspb_text-id-gsbp-586f324{font-size:16px}}.gspb_text-id-gsbp-586f324{font-weight:700!important}.gspb_text-id-gsbp-7ecba5e{text-transform:uppercase;font-size:12px;font-weight:700!important}.gspb_text-id-gsbp-e306545{text-transform:uppercase;font-size:20px;line-height:1}@media (max-width:575.98px){.gspb_text-id-gsbp-e306545{font-size:16px}}.gspb_text-id-gsbp-e306545{font-weight:700!important}.gspb_text-id-gsbp-ea8a8b0{text-transform:uppercase;font-size:12px;font-weight:700!important}.gspb_text-id-gsbp-159286d{text-transform:uppercase;font-size:20px;line-height:1}@media (max-width:575.98px){.gspb_text-id-gsbp-159286d{font-size:16px}}.gspb_text-id-gsbp-159286d{font-weight:700!important}.gspb_text-id-gsbp-7fbee01{text-transform:uppercase;font-size:20px}@media (max-width:575.98px){.gspb_text-id-gsbp-7fbee01{font-size:16px}}.gspb_text-id-gsbp-7fbee01{font-weight:700!important}@media (max-width:575.98px){.gspb_text-id-gsbp-7fbee01{margin-top:0!important}}.gspb_text-id-gsbp-6329460,.gspb_text-id-gsbp-c5b1c03{text-transform:uppercase;font-size:12px;font-weight:700!important}.gspb_text-id-gsbp-6329460{font-size:20px;line-height:1}.gspb_text-id-gsbp-fe938ef{text-transform:uppercase;font-size:12px;font-weight:700!important}.gspb_text-id-gsbp-5629f75{text-transform:uppercase;font-size:20px;line-height:1}@media (max-width:575.98px){.gspb_text-id-gsbp-5629f75{font-size:16px}}.gspb_text-id-gsbp-5629f75{font-weight:700!important}.gspb_text-id-gsbp-31406f7{text-transform:uppercase;font-size:20px}@media (max-width:575.98px){.gspb_text-id-gsbp-31406f7{font-size:16px}}.gspb_text-id-gsbp-31406f7{font-weight:700!important}.gspb_text-id-gsbp-2fd794f{text-transform:uppercase;font-size:12px;font-weight:700!important}.gspb_text-id-gsbp-1bc1ae9{text-transform:uppercase;font-size:20px;line-height:1}@media (max-width:575.98px){.gspb_text-id-gsbp-1bc1ae9{font-size:16px}}.gspb_text-id-gsbp-1bc1ae9{font-weight:700!important}.gspb_text-id-gsbp-4cb70d5{text-transform:uppercase;font-size:20px}@media (max-width:575.98px){.gspb_text-id-gsbp-4cb70d5{font-size:16px}}.gspb_text-id-gsbp-4cb70d5{font-weight:700!important}.gspb_text-id-gsbp-359caa8{text-transform:uppercase;font-size:12px;font-weight:700!important}.gspb_text-id-gsbp-a003d10{text-transform:uppercase;font-size:20px;line-height:1}@media (max-width:575.98px){.gspb_text-id-gsbp-a003d10{font-size:16px}}.gspb_text-id-gsbp-a003d10{font-weight:700!important}#gspb_row-id-gsbp-0fe28be{justify-content:space-between;margin-top:0;margin-bottom:0;display:flex;flex-wrap:wrap;min-height:100vh;padding-top:4rem;padding-bottom:4rem;color:var(--wp--preset--color--palette-color-8, var(--theme-palette-color-8, #ffffff));background-size:cover;background-repeat:no-repeat}#gspb_row-id-gsbp-0fe28be>.gspb_row__content{display:flex;justify-content:space-between;margin:0 auto;width:100%;flex-wrap:wrap}.gspb_row{position:relative}div[id^=gspb_col-id]{padding:15px min(3vw,20px);box-sizing:border-box;position:relative}body.gspb-bodyfront #gspb_row-id-gsbp-0fe28be>.gspb_row__content{width:var(--theme-container-width, 1200px);max-width:var(--theme-normal-container-max-width, 1200px)}@media (max-width:991.98px){#gspb_row-id-gsbp-0fe28be{background-position:31% 34%}}@media (max-width:575.98px){#gspb_row-id-gsbp-0fe28be{background-position:33% 32%}}#gspb_row-id-gsbp-0fe28be{background-image:url(http:\/\/pilsetaspasaza.sleekpress.com\/wp-content\/uploads\/2024\/02\/darba-laiki-1.jpg);isolation:isolate}#gspb_row-id-gsbp-0fe28be:hover{background-size:cover}#gspb_row-id-gsbp-0fe28be>.gspb_backgroundOverlay{position:absolute;top:0;left:0;width:100%;height:100%;z-index:-1;background-color:#a6853ab8}#gspb_col-id-gsbp-02e3fb5.gspb_row__col--12{width:100%}@media (max-width:575.98px){#gspb_col-id-gsbp-02e3fb5.gspb_row__col--12{width:100%}}.gspb_container-id-gsbp-d12bb04{flex-direction:column;box-sizing:border-box}#gspb_container-id-gsbp-0d65ba6.gspb_container>p:last-of-type,#gspb_container-id-gsbp-15f34c9.gspb_container>p:last-of-type,#gspb_container-id-gsbp-3b80d38.gspb_container>p:last-of-type,#gspb_container-id-gsbp-3fdd340.gspb_container>p:last-of-type,#gspb_container-id-gsbp-4873a08.gspb_container>p:last-of-type,#gspb_container-id-gsbp-70ed3f5.gspb_container>p:last-of-type,#gspb_container-id-gsbp-91ec6b9.gspb_container>p:last-of-type,#gspb_container-id-gsbp-9a3812f.gspb_container>p:last-of-type,#gspb_container-id-gsbp-9c65831.gspb_container>p:last-of-type,#gspb_container-id-gsbp-ae307e2.gspb_container>p:last-of-type,#gspb_container-id-gsbp-d00e785.gspb_container>p:last-of-type,#gspb_container-id-gsbp-d12bb04.gspb_container>p:last-of-type,#gspb_container-id-gsbp-d6fa31d.gspb_container>p:last-of-type,#gspb_container-id-gsbp-d858828.gspb_container>p:last-of-type,#gspb_container-id-gsbp-de99429.gspb_container>p:last-of-type,#gspb_container-id-gsbp-e21b634.gspb_container>p:last-of-type,#gspb_container-id-gsbp-e604b7a.gspb_container>p:last-of-type{margin-bottom:0}#gspb_container-id-gsbp-d12bb04.gspb_container{display:grid;grid-template-columns:repeat(4,minmax(0,1fr));row-gap:20px;column-gap:20px}@media (max-width:991.98px){#gspb_container-id-gsbp-d12bb04.gspb_container{grid-template-columns:repeat(3,minmax(0,1fr))}}@media (max-width:575.98px){#gspb_container-id-gsbp-d12bb04.gspb_container{grid-template-columns:repeat(2,minmax(0,1fr))}}.gspb_container-id-gsbp-ae307e2,.gspb_container-id-gsbp-de99429{flex-direction:column;box-sizing:border-box}#gspb_container-id-gsbp-de99429.gspb_container{display:flex;flex-direction:column;row-gap:.3rem}#gspb_container-id-gsbp-ae307e2.gspb_container{display:flex;align-items:flex-start;column-gap:.5rem}@media (max-width:575.98px){#gspb_container-id-gsbp-ae307e2.gspb_container{margin-bottom:0}}#gspb_container-id-gsbp-3fdd340.gspb_container{display:flex;flex-direction:column;row-gap:.3rem}#gspb_container-id-gsbp-d6fa31d.gspb_container{display:flex;align-items:flex-start;column-gap:.5rem}.gspb_container-id-gsbp-3fdd340,.gspb_container-id-gsbp-70ed3f5,.gspb_container-id-gsbp-9c65831,.gspb_container-id-gsbp-d6fa31d{flex-direction:column;box-sizing:border-box}#gspb_container-id-gsbp-70ed3f5.gspb_container{display:flex;flex-direction:column;row-gap:.3rem}#gspb_container-id-gsbp-9c65831.gspb_container{display:flex;align-items:flex-start;column-gap:.5rem}#gspb_container-id-gsbp-d00e785.gspb_container{display:flex;flex-direction:column;row-gap:.3rem}#gspb_container-id-gsbp-91ec6b9.gspb_container,#gspb_container-id-gsbp-9a3812f.gspb_container{display:flex;align-items:flex-start;column-gap:.5rem}.gspb_container-id-gsbp-91ec6b9,.gspb_container-id-gsbp-9a3812f,.gspb_container-id-gsbp-d00e785,.gspb_container-id-gsbp-e21b634,.gspb_container-id-gsbp-e604b7a{flex-direction:column;box-sizing:border-box}#gspb_container-id-gsbp-e604b7a.gspb_container{display:flex;flex-direction:column;row-gap:.3rem}#gspb_container-id-gsbp-d858828.gspb_container,#gspb_container-id-gsbp-e21b634.gspb_container{display:flex;align-items:flex-start;column-gap:.5rem}@media (max-width:575.98px){#gspb_container-id-gsbp-d858828.gspb_container{margin-bottom:0}}#gspb_container-id-gsbp-3b80d38.gspb_container{display:flex;flex-direction:column;row-gap:.3rem}#gspb_container-id-gsbp-4873a08.gspb_container{display:flex;align-items:flex-start;column-gap:.5rem}.gspb_container-id-gsbp-0d65ba6,.gspb_container-id-gsbp-15f34c9,.gspb_container-id-gsbp-3b80d38,.gspb_container-id-gsbp-4873a08,.gspb_container-id-gsbp-d858828{flex-direction:column;box-sizing:border-box}#gspb_container-id-gsbp-0d65ba6.gspb_container{display:flex;flex-direction:column;row-gap:.3rem}.gspb_container{position:relative}#gspb_container-id-gsbp-15f34c9.gspb_container{display:flex;align-items:flex-start;column-gap:.5rem;margin-bottom:0}","footnotes":""},"class_list":["post-519","page","type-page","status-publish","hentry"],"blocksy_meta":{"has_hero_section":"disabled","styles_descriptor":{"styles":{"desktop":"","tablet":"","mobile":""},"google_fonts":[],"version":6},"vertical_spacing_source":"custom","content_area_spacing":"none"},"acf":[],"_links":{"self":[{"href":"https:\/\/pilsetaspasaza.sleekpress.com\/ru\/wp-json\/wp\/v2\/pages\/519","targetHints":{"allow":["GET"]}}],"collection":[{"href":"https:\/\/pilsetaspasaza.sleekpress.com\/ru\/wp-json\/wp\/v2\/pages"}],"about":[{"href":"https:\/\/pilsetaspasaza.sleekpress.com\/ru\/wp-json\/wp\/v2\/types\/page"}],"author":[{"embeddable":true,"href":"https:\/\/pilsetaspasaza.sleekpress.com\/ru\/wp-json\/wp\/v2\/users\/1"}],"replies":[{"embeddable":true,"href":"https:\/\/pilsetaspasaza.sleekpress.com\/ru\/wp-json\/wp\/v2\/comments?post=519"}],"version-history":[{"count":14,"href":"https:\/\/pilsetaspasaza.sleekpress.com\/ru\/wp-json\/wp\/v2\/pages\/519\/revisions"}],"predecessor-version":[{"id":644,"href":"https:\/\/pilsetaspasaza.sleekpress.com\/ru\/wp-json\/wp\/v2\/pages\/519\/revisions\/644"}],"wp:attachment":[{"href":"https:\/\/pilsetaspasaza.sleekpress.com\/ru\/wp-json\/wp\/v2\/media?parent=519"}],"curies":[{"name":"wp","href":"https:\/\/api.w.org\/{rel}","templated":true}]}}