{"id":982,"date":"2024-05-20T16:22:01","date_gmt":"2024-05-20T13:22:01","guid":{"rendered":"https:\/\/pilsetaspasaza.sleekpress.com\/?page_id=982"},"modified":"2024-05-20T16:24:19","modified_gmt":"2024-05-20T13:24:19","slug":"par-mums","status":"publish","type":"page","link":"https:\/\/pilsetaspasaza.sleekpress.com\/ru\/par-mums\/","title":{"rendered":"Par mums"},"content":{"rendered":"<p>Tirdzniec\u012bbas centrs&nbsp;<strong>\u201cPils\u0113tas Pas\u0101\u017ea\u201d<\/strong>&nbsp;tika atv\u0113rts apmekl\u0113t\u0101jiem 2006.gada 17.mart\u0101 k\u0101 pils\u0113ta pils\u0113t\u0101 ar g\u0101j\u0113ju iel\u0101m un latern\u0101m, atg\u0101dinot seno Jelgavas pils\u0113tu.<\/p>\n\n\n\n<p>P\u0113c rekonstrukcijas 2024.gad\u0101, tirdzniec\u012bbas centr\u0101 piln\u012bb\u0101 ir atjaunoti visi pieci \u0113kas st\u0101vi, tostarp pazemes autost\u0101vvieta. B\u016btiski moderniz\u0113tas telpas un papla\u0161in\u0101ts pakalpojumu un nomnieku kl\u0101sts. Ir atv\u0113rts liel\u0101kais Zemgal\u0113 sporta pre\u010du veikals&nbsp;<strong>\u201cSportland\u201d<\/strong>&nbsp;un sadz\u012bves elektronikas veikals&nbsp;<strong>\u201cRD Electronics\u201d.<\/strong>&nbsp;Tirdzniec\u012bbas centra 3.st\u0101v\u0101 atv\u0113rta gandr\u012bz 1000 m2 liela izklaides zona. B\u0113rniem pieejama pla\u0161s izklaides parks&nbsp;<strong>\u201cKids Arena\u201d<\/strong>&nbsp;ar ball\u012b\u0161u telp\u0101m, savuk\u0101rt jaunie\u0161iem un pieaugu\u0161ajiem pirm\u0101&nbsp;<strong>\u201cVR Gaming\u201d&nbsp;<\/strong>virtu\u0101l\u0101s realit\u0101tes zona Zemgales novad\u0101.&nbsp;4.st\u0101v\u0101 durvis v\u0113ris jauns un inovat\u012bvs fitnesa klubs&nbsp;<strong>\u201cStep Up Fitness\u201d,&nbsp;<\/strong>kur vair\u0101k k\u0101 1200m2 pla\u0161\u0101s telp\u0101s pieejams pasaul\u0113 atz\u012btu brendu sporta invent\u0101rs, sauna, k\u0101 ar\u012b grupu nodarb\u012bbu z\u0101les gan iek\u0161telp\u0101s, gan ar\u012b uz tirdzniec\u012bbas centra jumta svaig\u0101 gais\u0101. Savuk\u0101rt&nbsp;1.st\u0101v\u0101 atkl\u0101ts l\u012bdz \u0161im pla\u0161\u0101kais&nbsp;<strong>\u201cMego Supermarket\u201d<\/strong>&nbsp;veikals ar kop\u0113jo plat\u012bbu ap 3000 m2.&nbsp;<\/p>\n\n\n\n<p>Kop\u0113j\u0101 tirdzniec\u012bbas centra plat\u012bba ir 22&nbsp;500 m2, 40 da\u017e\u0101du pre\u010du kl\u0101sta veikali&nbsp;un pazemes autost\u0101vvieta ar 170 viet\u0101m, velosip\u0113du novietni un citiem pakalpojumiem.&nbsp;<\/p>\n\n\n\n<p>Tirdzniec\u012bbas centrs&nbsp;<strong>\u201cPils\u0113tas Pas\u0101\u017ea\u201d<\/strong>&nbsp;atrodas strat\u0113\u0123iski izdev\u012bg\u0101 un visiem pieejam\u0101 viet\u0101 \u2013 pa\u0161\u0101 pils\u0113tas centr\u0101, l\u012bdz\u0101s autoostai, ar pazemes autost\u0101vvietu. Nodro\u0161in\u0101m \u0113rtu piek\u013c\u016b\u0161anu ne tikai Jelgavas iedz\u012bvot\u0101jiem, bet ar\u012b viesiem no cit\u0101m pils\u0113t\u0101m un valst\u012bm.<\/p>\n\n\n\n<p>Katru dienu tirdzniec\u012bbas centru apmekl\u0113 vid\u0113ji 12&nbsp;000 apmekl\u0113t\u0101ji.<\/p>\n\n\n\n<p><strong>Uz tik\u0161anos tirdzniec\u012bbas centr\u0101 \u201cPils\u0113tas Pas\u0101\u017ea\u201d!<\/strong><\/p>","protected":false},"excerpt":{"rendered":"<p>Tirdzniec\u012bbas centrs&nbsp;\u201cPils\u0113tas Pas\u0101\u017ea\u201d&nbsp;tika atv\u0113rts apmekl\u0113t\u0101jiem 2006.gada 17.mart\u0101 k\u0101 pils\u0113ta pils\u0113t\u0101 ar g\u0101j\u0113ju iel\u0101m un latern\u0101m, atg\u0101dinot seno Jelgavas pils\u0113tu. P\u0113c rekonstrukcijas 2024.gad\u0101, tirdzniec\u012bbas centr\u0101 piln\u012bb\u0101 ir atjaunoti visi pieci \u0113kas st\u0101vi, tostarp pazemes autost\u0101vvieta. B\u016btiski moderniz\u0113tas telpas un papla\u0161in\u0101ts pakalpojumu un nomnieku kl\u0101sts. Ir atv\u0113rts liel\u0101kais Zemgal\u0113 sporta pre\u010du veikals&nbsp;\u201cSportland\u201d&nbsp;un sadz\u012bves elektronikas veikals&nbsp;\u201cRD Electronics\u201d.&nbsp;Tirdzniec\u012bbas centra [&hellip;]<\/p>","protected":false},"author":1,"featured_media":0,"parent":0,"menu_order":0,"comment_status":"closed","ping_status":"closed","template":"","meta":{"_acf_changed":false,"_gspb_post_css":"","footnotes":""},"class_list":["post-982","page","type-page","status-publish","hentry"],"blocksy_meta":[],"acf":[],"_links":{"self":[{"href":"https:\/\/pilsetaspasaza.sleekpress.com\/ru\/wp-json\/wp\/v2\/pages\/982","targetHints":{"allow":["GET"]}}],"collection":[{"href":"https:\/\/pilsetaspasaza.sleekpress.com\/ru\/wp-json\/wp\/v2\/pages"}],"about":[{"href":"https:\/\/pilsetaspasaza.sleekpress.com\/ru\/wp-json\/wp\/v2\/types\/page"}],"author":[{"embeddable":true,"href":"https:\/\/pilsetaspasaza.sleekpress.com\/ru\/wp-json\/wp\/v2\/users\/1"}],"replies":[{"embeddable":true,"href":"https:\/\/pilsetaspasaza.sleekpress.com\/ru\/wp-json\/wp\/v2\/comments?post=982"}],"version-history":[{"count":1,"href":"https:\/\/pilsetaspasaza.sleekpress.com\/ru\/wp-json\/wp\/v2\/pages\/982\/revisions"}],"predecessor-version":[{"id":983,"href":"https:\/\/pilsetaspasaza.sleekpress.com\/ru\/wp-json\/wp\/v2\/pages\/982\/revisions\/983"}],"wp:attachment":[{"href":"https:\/\/pilsetaspasaza.sleekpress.com\/ru\/wp-json\/wp\/v2\/media?parent=982"}],"curies":[{"name":"wp","href":"https:\/\/api.w.org\/{rel}","templated":true}]}}