{"id":998,"date":"2024-05-20T16:34:30","date_gmt":"2024-05-20T13:34:30","guid":{"rendered":"https:\/\/pilsetaspasaza.sleekpress.com\/?page_id=998"},"modified":"2024-05-20T16:38:35","modified_gmt":"2024-05-20T13:38:35","slug":"tirdzniecibas-centrs-pilsetas-pasaza-driksas-iela-4-jelgava","status":"publish","type":"page","link":"https:\/\/pilsetaspasaza.sleekpress.com\/ru\/tirdzniecibas-centrs-pilsetas-pasaza-driksas-iela-4-jelgava\/","title":{"rendered":"Iek\u0161\u0113j\u0101s k\u0101rt\u012bbas noteikumi"},"content":{"rendered":"<h2 class=\"wp-block-heading\" id=\"tirdzniecibas-centrs-pilsetas-pasaza-driksas-iela-4-jelgavaapmekletaju-ieksejas-kartibas-noteikumi\">Tirdzniec\u012bbas centrs \u201cPils\u0113tas Pas\u0101\u017ea\u201d, Driksas iela 4, Jelgava<br>Apmekl\u0113t\u0101ju iek\u0161\u0113j\u0101s k\u0101rt\u012bbas noteikumi<\/h2>\n\n\n\n<p>Tirdzniec\u012bbas centrs \u201cPils\u0113tas Pas\u0101\u017ea\u201d, Driksas iela 4, Jelgava<\/p>\n\n\n\n<p>Apmekl\u0113t\u0101ju iek\u0161\u0113j\u0101s k\u0101rt\u012bbas noteikumi<\/p>\n\n\n\n<ul class=\"wp-block-list\">\n<li>Tirdzniec\u012bbas centra darba laiks ir katru dienu no plkst. 10:00 l\u012bdz 20:00;<\/li>\n\n\n\n<li>P\u0101rtikas veikala Mego Supermarket darba laiks ir no plkst. 08:00 l\u012bdz 22:00;<\/li>\n\n\n\n<li>Izklaides un atp\u016btas centra darba laiks ir no plkst. 10:00 l\u012bdz 22:00;<\/li>\n\n\n\n<li>Sporta kluba darba laiks ir no plkst. 06:00 l\u012bdz 22:00.<\/li>\n<\/ul>\n\n\n\n<ul class=\"wp-block-list\">\n<li>TC ir atv\u0113rts Apmekl\u0113t\u0101jiem ar M\u0101jdz\u012bvniekiem. M\u0101jdz\u012bvniekiem ir j\u0101b\u016bt nep\u0101rtraukt\u0101 saimnieka uzraudz\u012bb\u0101 un pavad\u0101. M\u0101jdz\u012bvnieka \u012bpa\u0161nieks un vald\u012bt\u0101js uz\u0146emas pilnu atbild\u012bbu par l\u012bdzpa\u0146emto M\u0101jdz\u012bvnieku, t\u0101 atst\u0101to net\u012br\u012bbu, k\u0101 ar\u012b M\u0101jdz\u012bvnieku nodar\u012btajiem zaud\u0113jumiem un rad\u012bto kait\u0113jumu.<\/li>\n<\/ul>\n\n\n\n<p>Apmekl\u0113t\u0101jiem TC ir aizliegts:<\/p>\n\n\n\n<p>1. Boj\u0101t TC invent\u0101ru, iek\u0101rtas, telpaugus, pu\u0137u podus, soli\u0146us, atkritumu tvertnes u.c.<\/p>\n\n\n\n<p>2. Piegru\u017eot TC, taj\u0101 skait\u0101, bet ne tikai, izmest atkritumus tam neparedz\u0113t\u0101 viet\u0101 vai attiec\u012bgajiem atkritumiem neparedz\u0113t\u0101 atkritumu urn\u0101.<\/p>\n\n\n\n<p>3. Atrasties TC sm\u0113r\u0113jo\u0161\u0101 vai smakojo\u0161\u0101 ap\u0123\u0113rb\u0101;<\/p>\n\n\n\n<p>4. Trauc\u0113t p\u0101r\u0113jiem TC Apmekl\u0113t\u0101jiem, taj\u0101 skait\u0101, bet ne tikai, trok\u0161\u0146ot, dzied\u0101t, sp\u0113l\u0113t m\u016bzikas instrumentus vai lietot ska\u0146u atska\u0146o\u0161anas aparat\u016bru, k\u0101 ar\u012b fiziski, verb\u0101li vai ar \u017eestiem aizskart citus TC Apmekl\u0113t\u0101jus.<\/p>\n\n\n\n<p>5. Film\u0113t vai fotograf\u0113t bez iepriek\u0161\u0113jas saska\u0146o\u0161anas ar TC vad\u012bt\u0101ju.<\/p>\n\n\n\n<p>6. Reklam\u0113t jebk\u0101da veida preci un izplat\u012bt rekl\u0101mas materi\u0101lus bez iepriek\u0161\u0113jas saska\u0146o\u0161anas ar TC vad\u012bt\u0101ju.<\/p>\n\n\n\n<p>7. Veikt jebk\u0101da veida tirdzniec\u012bbu vai sniegt pakalpojumus bez saska\u0146o\u0161anas ar TC vad\u012bt\u0101ju.<\/p>\n\n\n\n<p>8. Sm\u0113\u0137\u0113t (ar\u012b elektronisk\u0101s cigaretes) TC, iz\u0146emot speci\u0101li apz\u012bm\u0113t\u0101s viet\u0101s.<\/p>\n\n\n\n<p>9. Lietot alkoholiskos dz\u0113rienus \u0101rpus tam paredz\u0113taj\u0101m viet\u0101m, k\u0101 ar\u012b atrasties TC alkoholisko dz\u0113rienu, narkotisko vai citu apreibino\u0161o vielu ietekm\u0113, trauc\u0113jot sabiedrisko k\u0101rt\u012bbu vai dro\u0161\u012bbu.<\/p>\n\n\n\n<p>10. Iebraukt\/ brauk\u0101t ar skritu\u013cslid\u0101m, skritu\u013cd\u0113li, skrejriteni (ar\u012b elektroskrejriteni) vai velosip\u0113du TC, k\u0101 ar\u012b izmantot automa\u0161\u012bnu st\u0101vvietas \u0161\u012bm aktivit\u0101t\u0113m.<\/p>\n\n\n\n<p>11. Novietot automa\u0161\u012bnas tam neparedz\u0113t\u0101s viet\u0101s, neiev\u0113rojot satiksmes organiz\u0101cijas tehnisko l\u012bdzek\u013cu pras\u012bbas (ce\u013ca z\u012bmes, luksofori, sign\u0101lstabi\u0146i, aizsargbarjeras, g\u0101j\u0113ju barjeras, vertik\u0101lie un horizont\u0101lie ce\u013ca apz\u012bm\u0113jumi utt.).<\/p>\n\n\n\n<p>12. Ienest TC viegli uzliesmojo\u0161as, spr\u0101dzienb\u012bstamas vielas.<\/p>\n\n\n\n<p>13. Ien\u0101kt TC ar \u0161aujamiero\u010diem, aukstiem iero\u010diem un specl\u012bdzek\u013ciem, iz\u0146emot gad\u012bjumos, kad tiek pild\u012bti dienesta pien\u0101kumi.<\/p>\n\n\n\n<p>14. Atst\u0101t bez pieskat\u012b\u0161anas savas mantas (maisi\u0146i, somas, koferi, kastes utt.).<\/p>\n\n\n\n<p>15. Nesankcion\u0113ti lietot ugunsdz\u0113\u0161amos apar\u0101tus, ugunsdro\u0161\u012bbas trauksmes pogas, ugunsdz\u0113s\u012bbas skapju apr\u012bkojumu u.c. ugunsdro\u0161\u012bbas iek\u0101rtas, ka ar\u012b evaku\u0101cijas izejas, iz\u0146emot gad\u012bjumus, kad TC izc\u0113lies ugunsgr\u0113ks vai k\u0101da cita \u0101rk\u0101rtas situ\u0101cija.<\/p>\n\n\n\n<p>16. Atst\u0101t M\u0101jdz\u012bvniekus bez uzraudz\u012bbas.<\/p>\n\n\n\n<ul class=\"wp-block-list\">\n<li>Apmekl\u0113t\u0101jam nekav\u0113joties j\u0101pamet TC, izdzirdot ugunsgr\u0113ka trauksmes sir\u0113nu vai evaku\u0101cijas pazi\u0146ojumu.<\/li>\n\n\n\n<li>Apmekl\u0113t\u0101jiem ir saisto\u0161s un tiem bez nosac\u012bjumiem j\u0101izpilda K\u0101rt\u012bbas uzrauga pras\u012bba pamest TC, ja Apmekl\u0113t\u0101js ir p\u0101rk\u0101pis IKN vai sp\u0113k\u0101 eso\u0161o normat\u012bvo aktu pras\u012bbas.<\/li>\n\n\n\n<li>K\u0101rt\u012bbas uzraugam ir ties\u012bbas neielaist TC, k\u0101 ar\u012b izraid\u012bt no TC Apmekl\u0113t\u0101jus, kuri jau iepriek\u0161 TC ir p\u0101rk\u0101pu\u0161i IKN vai sp\u0113k\u0101 eso\u0161o normat\u012bvo aktu pras\u012bbas.<\/li>\n<\/ul>\n\n\n\n<ul class=\"wp-block-list\">\n<li>TC info centra t\u0101lrunis 27646777.<\/li>\n\n\n\n<li>TC p\u0101rvaldnieka t\u0101lrunis 28637148.<\/li>\n\n\n\n<li>TC K\u0101rt\u012bbas uzraudz\u012bbas dienesta t\u0101lrunis 27846366.<\/li>\n\n\n\n<li>TC vad\u012bt\u0101ja t\u0101lrunis 20148833.<\/li>\n<\/ul>","protected":false},"excerpt":{"rendered":"<p>Tirdzniec\u012bbas centrs \u201cPils\u0113tas Pas\u0101\u017ea\u201d, Driksas iela 4, JelgavaApmekl\u0113t\u0101ju iek\u0161\u0113j\u0101s k\u0101rt\u012bbas noteikumi Tirdzniec\u012bbas centrs \u201cPils\u0113tas Pas\u0101\u017ea\u201d, Driksas iela 4, Jelgava Apmekl\u0113t\u0101ju iek\u0161\u0113j\u0101s k\u0101rt\u012bbas noteikumi Apmekl\u0113t\u0101jiem TC ir aizliegts: 1. Boj\u0101t TC invent\u0101ru, iek\u0101rtas, telpaugus, pu\u0137u podus, soli\u0146us, atkritumu tvertnes u.c. 2. Piegru\u017eot TC, taj\u0101 skait\u0101, bet ne tikai, izmest atkritumus tam neparedz\u0113t\u0101 viet\u0101 vai attiec\u012bgajiem atkritumiem [&hellip;]<\/p>","protected":false},"author":1,"featured_media":0,"parent":0,"menu_order":0,"comment_status":"closed","ping_status":"closed","template":"","meta":{"_acf_changed":false,"_gspb_post_css":"","footnotes":""},"class_list":["post-998","page","type-page","status-publish","hentry"],"blocksy_meta":{"has_hero_section":"disabled","styles_descriptor":{"styles":{"desktop":"","tablet":"","mobile":""},"google_fonts":[],"version":6}},"acf":[],"_links":{"self":[{"href":"https:\/\/pilsetaspasaza.sleekpress.com\/ru\/wp-json\/wp\/v2\/pages\/998","targetHints":{"allow":["GET"]}}],"collection":[{"href":"https:\/\/pilsetaspasaza.sleekpress.com\/ru\/wp-json\/wp\/v2\/pages"}],"about":[{"href":"https:\/\/pilsetaspasaza.sleekpress.com\/ru\/wp-json\/wp\/v2\/types\/page"}],"author":[{"embeddable":true,"href":"https:\/\/pilsetaspasaza.sleekpress.com\/ru\/wp-json\/wp\/v2\/users\/1"}],"replies":[{"embeddable":true,"href":"https:\/\/pilsetaspasaza.sleekpress.com\/ru\/wp-json\/wp\/v2\/comments?post=998"}],"version-history":[{"count":2,"href":"https:\/\/pilsetaspasaza.sleekpress.com\/ru\/wp-json\/wp\/v2\/pages\/998\/revisions"}],"predecessor-version":[{"id":1001,"href":"https:\/\/pilsetaspasaza.sleekpress.com\/ru\/wp-json\/wp\/v2\/pages\/998\/revisions\/1001"}],"wp:attachment":[{"href":"https:\/\/pilsetaspasaza.sleekpress.com\/ru\/wp-json\/wp\/v2\/media?parent=998"}],"curies":[{"name":"wp","href":"https:\/\/api.w.org\/{rel}","templated":true}]}}